{"id":239,"date":"2015-10-07T13:32:36","date_gmt":"2015-10-07T12:32:36","guid":{"rendered":"https:\/\/luciaekaizeravocat.com\/wfolphide\/fr\/?page_id=239"},"modified":"2015-11-24T13:14:01","modified_gmt":"2015-11-24T12:14:01","slug":"a-propos-de-lucia-ekaizer","status":"publish","type":"page","link":"https:\/\/luciaekaizeravocat.com\/fr\/a-propos-de-lucia-ekaizer\/","title":{"rendered":"\u00c0 propos de Luc\u00eda Ekaizer"},"content":{"rendered":"<div class=\"row\">\n<div class=\"col-md-4\">\n<img decoding=\"async\" src=\"https:\/\/luciaekaizeravocat.com\/wfolphide\/wp-content\/uploads\/2015\/10\/lucia.jpg\" alt=\"Fotograf\u00eda de Luc\u00eda Ekaizer\" title=\"Luc\u00eda Ekaizer\" class=\"img-responsive hidden-sm hidden-xs\"><\/p>\n<div class=\"text-center\"><img decoding=\"async\" src=\"https:\/\/luciaekaizeravocat.com\/wfolphide\/wp-content\/uploads\/2015\/10\/lucia-mobile.jpg\" alt=\"Fotograf\u00eda de Luc\u00eda Ekaizer\" title=\"Luc\u00eda Ekaizer\" class=\"img-circle img-thumbnail img-responsive visible-sm visible-xs\"><\/div>\n<\/div>\n<div class=\"col-md-1\"><\/div>\n<div class=\"col-md-7\">\n<p>Je commence l\u2019exercice professionnel en 2001. Pendant huit ans je fais partie du p\u00f4le contentieux de plusieurs cabinets d\u2019avocats \u00e0 Madrid.<\/p>\n<p>En 2008, je m\u2019installe France.<\/p>\n<p>Depuis 2011, je collabore en tant que conseil et avocat dans divers cabinets d\u2019avocats fran\u00e7ais, sans n\u00e9gliger mes rapports professionnels en Espagne, o\u00f9 j\u2019entretien un r\u00e9seau des petits et moyens cabinets d\u2019avocats, g\u00e9n\u00e9ralistes et enti\u00e8rement sp\u00e9cialis\u00e9s, avec lesquels je maintiens un lien personnel et direct.<\/p>\n<blockquote class=\"titulos\">\n<ul>\n<li>Ma\u00eetrise en Droit \u00e0 l\u2019Universit\u00e9 Aut\u00f3noma de Madrid en 2000<\/li>\n<li>Master en Conseil Juridique des Entreprises \u00e0 l\u2019Instituto de Empresa de Madrid en 2001<\/li>\n<li>Master en Droit International Priv\u00e9 en 2009 et en Droit Priv\u00e9 Fondamental en 2010, \u00e0 l\u2019Universit\u00e9 Paul C\u00e9zanne d\u2019Aix-Marseille<\/li>\n<li>Titre d\u2019\u00e9quivalence en droit fran\u00e7ais d\u00e9livr\u00e9 par le Conseil National des Barreaux en 2010<\/li>\n<\/ul>\n<\/blockquote>\n<\/div>\n<\/div>\n","protected":false},"excerpt":{"rendered":"<p>Je commence l\u2019exercice professionnel en 2001. Pendant huit ans je fais partie du p\u00f4le contentieux de plusieurs cabinets d\u2019avocats \u00e0 Madrid. En 2008, je m\u2019installe France. Depuis 2011, je collabore en tant que conseil et avocat dans divers cabinets d\u2019avocats fran\u00e7ais, sans n\u00e9gliger mes rapports professionnels en Espagne, o\u00f9 j\u2019entretien un r\u00e9seau des petits et [&hellip;]<\/p>\n","protected":false},"author":1,"featured_media":241,"parent":0,"menu_order":6,"comment_status":"open","ping_status":"closed","template":"page-services.php","meta":{"_acf_changed":false,"footnotes":""},"class_list":["post-239","page","type-page","status-publish","has-post-thumbnail","hentry"],"acf":[],"_links":{"self":[{"href":"https:\/\/luciaekaizeravocat.com\/fr\/wp-json\/wp\/v2\/pages\/239","targetHints":{"allow":["GET"]}}],"collection":[{"href":"https:\/\/luciaekaizeravocat.com\/fr\/wp-json\/wp\/v2\/pages"}],"about":[{"href":"https:\/\/luciaekaizeravocat.com\/fr\/wp-json\/wp\/v2\/types\/page"}],"author":[{"embeddable":true,"href":"https:\/\/luciaekaizeravocat.com\/fr\/wp-json\/wp\/v2\/users\/1"}],"replies":[{"embeddable":true,"href":"https:\/\/luciaekaizeravocat.com\/fr\/wp-json\/wp\/v2\/comments?post=239"}],"version-history":[{"count":4,"href":"https:\/\/luciaekaizeravocat.com\/fr\/wp-json\/wp\/v2\/pages\/239\/revisions"}],"predecessor-version":[{"id":435,"href":"https:\/\/luciaekaizeravocat.com\/fr\/wp-json\/wp\/v2\/pages\/239\/revisions\/435"}],"wp:featuredmedia":[{"embeddable":true,"href":"https:\/\/luciaekaizeravocat.com\/fr\/wp-json\/wp\/v2\/media\/241"}],"wp:attachment":[{"href":"https:\/\/luciaekaizeravocat.com\/fr\/wp-json\/wp\/v2\/media?parent=239"}],"curies":[{"name":"wp","href":"https:\/\/api.w.org\/{rel}","templated":true}]}}