{"id":261,"date":"2015-10-07T13:46:11","date_gmt":"2015-10-07T12:46:11","guid":{"rendered":"https:\/\/luciaekaizeravocat.com\/wfolphide\/fr\/?page_id=261"},"modified":"2015-11-24T13:08:40","modified_gmt":"2015-11-24T12:08:40","slug":"accueil","status":"publish","type":"page","link":"https:\/\/luciaekaizeravocat.com\/fr\/","title":{"rendered":"Accueil"},"content":{"rendered":"<p class=\"lead\">Avocat multidisciplinaire et g\u00e9n\u00e9raliste en <strong>Droit espagnol<\/strong> et en <strong>Droit fran\u00e7ais<\/strong>, je repr\u00e9sente les int\u00e9r\u00eats de mes clients devant les Tribunaux espagnols et devant les Tribunaux fran\u00e7ais.<\/p>\n<div class=\"btnsHeader\">\n<a href=\"#contact\" class=\"page-scroll btn btn-primary btn-lg\">Me contacter<\/a><a href=\"http:\/\/luciaekaizeravocat.com\/fr\/a-propos-de-lucia-ekaizer\/\" class=\"btn btn-default btn-lg\">Savoir plus<\/a>\n<\/div>\n","protected":false},"excerpt":{"rendered":"<p>Avocat multidisciplinaire et g\u00e9n\u00e9raliste en Droit espagnol et en Droit fran\u00e7ais, je repr\u00e9sente les int\u00e9r\u00eats de mes clients devant les Tribunaux espagnols et devant les Tribunaux fran\u00e7ais. Me contacterSavoir plus<\/p>\n","protected":false},"author":1,"featured_media":362,"parent":0,"menu_order":2,"comment_status":"open","ping_status":"closed","template":"page-home.php","meta":{"_acf_changed":false,"footnotes":""},"class_list":["post-261","page","type-page","status-publish","has-post-thumbnail","hentry"],"acf":[],"_links":{"self":[{"href":"https:\/\/luciaekaizeravocat.com\/fr\/wp-json\/wp\/v2\/pages\/261","targetHints":{"allow":["GET"]}}],"collection":[{"href":"https:\/\/luciaekaizeravocat.com\/fr\/wp-json\/wp\/v2\/pages"}],"about":[{"href":"https:\/\/luciaekaizeravocat.com\/fr\/wp-json\/wp\/v2\/types\/page"}],"author":[{"embeddable":true,"href":"https:\/\/luciaekaizeravocat.com\/fr\/wp-json\/wp\/v2\/users\/1"}],"replies":[{"embeddable":true,"href":"https:\/\/luciaekaizeravocat.com\/fr\/wp-json\/wp\/v2\/comments?post=261"}],"version-history":[{"count":7,"href":"https:\/\/luciaekaizeravocat.com\/fr\/wp-json\/wp\/v2\/pages\/261\/revisions"}],"predecessor-version":[{"id":434,"href":"https:\/\/luciaekaizeravocat.com\/fr\/wp-json\/wp\/v2\/pages\/261\/revisions\/434"}],"wp:featuredmedia":[{"embeddable":true,"href":"https:\/\/luciaekaizeravocat.com\/fr\/wp-json\/wp\/v2\/media\/362"}],"wp:attachment":[{"href":"https:\/\/luciaekaizeravocat.com\/fr\/wp-json\/wp\/v2\/media?parent=261"}],"curies":[{"name":"wp","href":"https:\/\/api.w.org\/{rel}","templated":true}]}}