{"id":269,"date":"2015-10-07T13:50:21","date_gmt":"2015-10-07T12:50:21","guid":{"rendered":"https:\/\/luciaekaizeravocat.com\/wfolphide\/fr\/?page_id=269"},"modified":"2015-11-24T13:16:19","modified_gmt":"2015-11-24T12:16:19","slug":"honoraires","status":"publish","type":"page","link":"https:\/\/luciaekaizeravocat.com\/fr\/honoraires\/","title":{"rendered":"Honoraires"},"content":{"rendered":"<div class=\"fee-item\">\n<h3 class=\"fee-title\">Co\u00fbt de l\u2019intervention de l\u2019avocat<\/h3>\n<p>Suivant les principes d\u2019information et transparence, le co\u00fbt de l\u2019intervention de l\u2019avocat doit \u00eatre abord\u00e9 d\u00e8s le premier entretien ou consultation afin de, par la suite, pouvoir se consacrer enti\u00e8rement \u00e0 la probl\u00e9matique du dossier en toute s\u00e9r\u00e9nit\u00e9 et tranquillit\u00e9.<\/p>\n<\/div>\n<div class=\"fee-item\">\n<h3 class=\"fee-title\">Aide Juridictionnelle<\/h3>\n<p>Si vos ressources sont inf\u00e9rieures \u00e0 un certain plafond, vous pourrez sous certaines conditions b\u00e9n\u00e9ficier de l\u2019aide juridictionnelle, totale ou partielle.<\/p>\n<p>Un dossier devra \u00eatre d\u00e9pos\u00e9 aupr\u00e8s du Bureau d\u2019Aide Juridictionnelle.<\/p>\n<\/div>\n<div class=\"fee-item\">\n<h3 class=\"fee-title\">Les frais et d\u00e9pens<\/h3>\n<p>Ce sont les frais engag\u00e9s au cours d&rsquo;un proc\u00e8s qui ne constituent pas la r\u00e9mun\u00e9ration des avocats.<\/p>\n<p>Ils sont en principe support\u00e9s par celui qui perd le proc\u00e8s. L&rsquo;exemple le plus fr\u00e9quent est celui des frais d&rsquo;huissier, des avou\u00e9s en Espagne, une expertise, etc.<\/p>\n<\/div>\n<div class=\"fee-item\">\n<h3 class=\"fee-title\">Les honoraires\u00a0: la r\u00e9mun\u00e9ration de l\u2019avocat<\/h3>\n<p>Les honoraires de l&rsquo;avocat sont libres et fix\u00e9s en accord avec son client.<\/p>\n<p>Cet accord peut \u00eatre verbal ou faire l\u2019objet  d&rsquo;une convention d&rsquo;honoraires \u00e9crite qui pr\u00e9cisera en d\u00e9tail les modalit\u00e9s de calcul des frais et honoraires de l\u2019avocat ainsi que les conditions de leur facturation.<\/p>\n<p>Les crit\u00e8res de fixation des honoraires sont notamment : la difficult\u00e9 de l&rsquo;affaire, le temps consacr\u00e9 au dossier, la sp\u00e9cialisation et la notori\u00e9t\u00e9 de l&rsquo;avocat, les frais auxquels il s\u2019expose.<\/p>\n<\/div>\n<div class=\"fee-item\">\n<h3 class=\"fee-title\">Calcul des honoraires<\/h3>\n<p>Il est souvent difficile de d\u00e9terminer \u00e0 l&rsquo;avance quel sera le co\u00fbt d&rsquo;une affaire, beaucoup d&rsquo;\u00e9l\u00e9ments qui influeront sur son d\u00e9roulement \u00e9tant inconnus.<\/p>\n<p>Plusieurs formes de calcul des honoraires peuvent vous \u00eatre propos\u00e9s :<\/p>\n<dl>\n<dt>Au temps pass\u00e9<\/dt>\n<dd> La r\u00e9mun\u00e9ration peut \u00eatre convenue \u00e0 l&rsquo;heure.\u00a0\u2028Ces honoraires r\u00e9sulteront \u00e0 la fin du dossier d&rsquo;une simple multiplication du temps pass\u00e9 par le taux horaire qui aura \u00e9t\u00e9 d\u00e9termin\u00e9 \u00e0 l&rsquo;origine.\u00a0\u2028Vous pouvez demander \u00e0 tout moment \u00e0 votre avocat de vous informer du temps d\u00e9j\u00e0 consacr\u00e9 \u00e0 votre affaire. Il devra \u00e9galement, dans la mesure du possible, vous indiquer le nombre pr\u00e9visible d&rsquo;heures n\u00e9cessaires au traitement de votre affaire.<\/dd>\n<dt>Forfaitaire<\/dt>\n<dd> Les honoraires peuvent faire l\u2019objet d&rsquo;une r\u00e9mun\u00e9ration globale et intangible.\u2028\u2028 En pratique, cette formule est utilis\u00e9e pour les proc\u00e9dures \u00ab standard \u00bb, peu susceptibles d&rsquo;al\u00e9as. Par exemple : une proc\u00e9dure divorce par consentement mutuel, la proc\u00e9dure de recouvrement de cr\u00e9ance ou la constitution de soci\u00e9t\u00e9s).<\/dd>\n<dt>De r\u00e9sultat<\/dt>\n<dd>En France le \u00ab\u00a0pacte de quota litis \u00bb &#8211; convention par laquelle un avocat et son client conviennent que des honoraires ne seraient dus qu&rsquo;au cas o\u00f9 le proc\u00e8s serait gagn\u00e9 et en fonction du r\u00e9sultat obtenu &#8211; est interdit. \u2028Il est toutefois possible de convenir d&rsquo;un honoraire de r\u00e9sultat qui doit obligatoirement \u00eatre pr\u00e9vu dans une convention d&rsquo;honoraire pr\u00e9alable. L&rsquo;avocat per\u00e7oit un honoraire \u00ab minimum \u00bb (g\u00e9n\u00e9ralement forfaitaire) auquel se rajoute un honoraire \u00ab compl\u00e9mentaire \u00bb s\u2018il parvient \u00e0 un r\u00e9sultat particulier.\u00a0\u2028\u2028L&rsquo;honoraire compl\u00e9mentaire peut \u00eatre forfaitaire ou proportionnel au r\u00e9sultat obtenu.<\/dd>\n<dt>L&rsquo;Abonnement<\/dt>\n<dd> Si vous recourez p\u00e9riodiquement et r\u00e9guli\u00e8rement \u00e0 votre avocat pour des prestations, vous pouvez conclure avec lui un contrat d&rsquo;abonnement, en g\u00e9n\u00e9ral annuel.\u00a0\u2028\u2028Par ce contrat, vous pouvez b\u00e9n\u00e9ficier moyennant un honoraire forfaitaire des services de votre conseil pendant la p\u00e9riode convenue. <\/dd>\n<\/dl>\n<\/div>\n<div class=\"fee-item\">\n<h3 class=\"fee-title\">La provision<\/h3>\n<p>En tout \u00e9tat de cause, l&rsquo;avocat est en droit, sauf convention particuli\u00e8re, de vous demander le r\u00e8glement de provisions en cours de traitement de votre affaire. Il doit, une fois le dossier termin\u00e9, \u00e9tablir un d\u00e9compte d\u00e9finitif de ses frais et honoraires tenant compte des provisions d\u00e9j\u00e0 per\u00e7ues.<\/p>\n<\/div>\n","protected":false},"excerpt":{"rendered":"<p>Co\u00fbt de l\u2019intervention de l\u2019avocat Suivant les principes d\u2019information et transparence, le co\u00fbt de l\u2019intervention de l\u2019avocat doit \u00eatre abord\u00e9 d\u00e8s le premier entretien ou consultation afin de, par la suite, pouvoir se consacrer enti\u00e8rement \u00e0 la probl\u00e9matique du dossier en toute s\u00e9r\u00e9nit\u00e9 et tranquillit\u00e9. Aide Juridictionnelle Si vos ressources sont inf\u00e9rieures \u00e0 un certain [&hellip;]<\/p>\n","protected":false},"author":1,"featured_media":407,"parent":0,"menu_order":8,"comment_status":"open","ping_status":"closed","template":"","meta":{"_acf_changed":false,"footnotes":""},"class_list":["post-269","page","type-page","status-publish","has-post-thumbnail","hentry"],"acf":[],"_links":{"self":[{"href":"https:\/\/luciaekaizeravocat.com\/fr\/wp-json\/wp\/v2\/pages\/269","targetHints":{"allow":["GET"]}}],"collection":[{"href":"https:\/\/luciaekaizeravocat.com\/fr\/wp-json\/wp\/v2\/pages"}],"about":[{"href":"https:\/\/luciaekaizeravocat.com\/fr\/wp-json\/wp\/v2\/types\/page"}],"author":[{"embeddable":true,"href":"https:\/\/luciaekaizeravocat.com\/fr\/wp-json\/wp\/v2\/users\/1"}],"replies":[{"embeddable":true,"href":"https:\/\/luciaekaizeravocat.com\/fr\/wp-json\/wp\/v2\/comments?post=269"}],"version-history":[{"count":3,"href":"https:\/\/luciaekaizeravocat.com\/fr\/wp-json\/wp\/v2\/pages\/269\/revisions"}],"predecessor-version":[{"id":436,"href":"https:\/\/luciaekaizeravocat.com\/fr\/wp-json\/wp\/v2\/pages\/269\/revisions\/436"}],"wp:featuredmedia":[{"embeddable":true,"href":"https:\/\/luciaekaizeravocat.com\/fr\/wp-json\/wp\/v2\/media\/407"}],"wp:attachment":[{"href":"https:\/\/luciaekaizeravocat.com\/fr\/wp-json\/wp\/v2\/media?parent=269"}],"curies":[{"name":"wp","href":"https:\/\/api.w.org\/{rel}","templated":true}]}}