{"id":273,"date":"2015-10-07T13:52:00","date_gmt":"2015-10-07T12:52:00","guid":{"rendered":"https:\/\/luciaekaizeravocat.com\/wfolphide\/fr\/?page_id=273"},"modified":"2015-11-24T01:41:21","modified_gmt":"2015-11-24T00:41:21","slug":"politique-des-cookies","status":"publish","type":"page","link":"https:\/\/luciaekaizeravocat.com\/fr\/politique-des-cookies\/","title":{"rendered":"Politique des cookies"},"content":{"rendered":"<p>Le pr\u00e9sent site web web utilise des cookies, destin\u00e9s \u00e0 stocker des informations de navigation durant la consultation. Un cookie ne permet pas d&rsquo;identifier l&rsquo;utilisateur. En revanche, il enregistre des informations relatives \u00e0 la navigation de l&rsquo;ordinateur sur ce site web (pages consult\u00e9es, la date et l&rsquo;heure de la consultation, etc.) qui pourront \u00eatre lues lors de visite ult\u00e9rieures.<\/p>\n<p>L&rsquo;utilisateur pourra s&rsquo;opposer \u00e0 l&rsquo;enregistrement de \u00ab\u00a0cookies\u00a0\u00bb en configurant les r\u00e9glages de son navigateur conform\u00e9ment \u00e0 la documentation fournie avec le logiciel.<\/p>\n","protected":false},"excerpt":{"rendered":"<p>Le pr\u00e9sent site web web utilise des cookies, destin\u00e9s \u00e0 stocker des informations de navigation durant la consultation. Un cookie ne permet pas d&rsquo;identifier l&rsquo;utilisateur. En revanche, il enregistre des informations relatives \u00e0 la navigation de l&rsquo;ordinateur sur ce site web (pages consult\u00e9es, la date et l&rsquo;heure de la consultation, etc.) qui pourront \u00eatre lues [&hellip;]<\/p>\n","protected":false},"author":1,"featured_media":0,"parent":0,"menu_order":14,"comment_status":"open","ping_status":"closed","template":"page-legal.php","meta":{"_acf_changed":false,"footnotes":""},"class_list":["post-273","page","type-page","status-publish","hentry"],"acf":[],"_links":{"self":[{"href":"https:\/\/luciaekaizeravocat.com\/fr\/wp-json\/wp\/v2\/pages\/273","targetHints":{"allow":["GET"]}}],"collection":[{"href":"https:\/\/luciaekaizeravocat.com\/fr\/wp-json\/wp\/v2\/pages"}],"about":[{"href":"https:\/\/luciaekaizeravocat.com\/fr\/wp-json\/wp\/v2\/types\/page"}],"author":[{"embeddable":true,"href":"https:\/\/luciaekaizeravocat.com\/fr\/wp-json\/wp\/v2\/users\/1"}],"replies":[{"embeddable":true,"href":"https:\/\/luciaekaizeravocat.com\/fr\/wp-json\/wp\/v2\/comments?post=273"}],"version-history":[{"count":2,"href":"https:\/\/luciaekaizeravocat.com\/fr\/wp-json\/wp\/v2\/pages\/273\/revisions"}],"predecessor-version":[{"id":405,"href":"https:\/\/luciaekaizeravocat.com\/fr\/wp-json\/wp\/v2\/pages\/273\/revisions\/405"}],"wp:attachment":[{"href":"https:\/\/luciaekaizeravocat.com\/fr\/wp-json\/wp\/v2\/media?parent=273"}],"curies":[{"name":"wp","href":"https:\/\/api.w.org\/{rel}","templated":true}]}}