{"id":279,"date":"2015-10-07T13:57:06","date_gmt":"2015-10-07T12:57:06","guid":{"rendered":"https:\/\/luciaekaizeravocat.com\/wfolphide\/fr\/?page_id=279"},"modified":"2015-10-07T13:57:06","modified_gmt":"2015-10-07T12:57:06","slug":"assistance-aux-professionnels-francais-du-droit","status":"publish","type":"page","link":"https:\/\/luciaekaizeravocat.com\/fr\/services-avocat\/assistance-aux-professionnels-francais-du-droit\/","title":{"rendered":"Assistance aux professionnels fran\u00e7ais du Droit"},"content":{"rendered":"<div class=\"col-md-8 col-md-offset-2 text-left\">\n<p>Je conseil et assiste tout professionnel fran\u00e7ais du droit\u00a0:<\/p>\n<ul>\n<li>pour vous assurer le compl\u00e9ment du conseil espagnol dont tout client espagnol ou fran\u00e7ais a besoin\u00a0;<\/li>\n<li>pour l\u2019ex\u00e9cution de vos dossiers en Espagne.<\/li>\n<\/ul>\n<p>\u00c0 ces fins, je vous procure l\u2019apport technique afin de rendre compr\u00e9hensible la l\u00e9gislation espagnole pour assurer la d\u00e9fense des int\u00e9r\u00eats des vos clients.<\/p>\n<div class=\"text-center\"><a href=\"#contact\" class=\"btn btn-lg btn-primary page-scroll\">Contactez-moi <span class=\"hidden-xs hidden-sm\">pour plus d&rsquo;informations<\/span><\/a><\/div>\n<\/div>\n","protected":false},"excerpt":{"rendered":"<p>Je conseil et assiste tout professionnel fran\u00e7ais du droit\u00a0: pour vous assurer le compl\u00e9ment du conseil espagnol dont tout client espagnol ou fran\u00e7ais a besoin\u00a0; pour l\u2019ex\u00e9cution de vos dossiers en Espagne. \u00c0 ces fins, je vous procure l\u2019apport technique afin de rendre compr\u00e9hensible la l\u00e9gislation espagnole pour assurer la d\u00e9fense des int\u00e9r\u00eats des vos [&hellip;]<\/p>\n","protected":false},"author":1,"featured_media":0,"parent":275,"menu_order":1,"comment_status":"closed","ping_status":"closed","template":"","meta":{"_acf_changed":false,"footnotes":""},"class_list":["post-279","page","type-page","status-publish","hentry"],"acf":[],"_links":{"self":[{"href":"https:\/\/luciaekaizeravocat.com\/fr\/wp-json\/wp\/v2\/pages\/279","targetHints":{"allow":["GET"]}}],"collection":[{"href":"https:\/\/luciaekaizeravocat.com\/fr\/wp-json\/wp\/v2\/pages"}],"about":[{"href":"https:\/\/luciaekaizeravocat.com\/fr\/wp-json\/wp\/v2\/types\/page"}],"author":[{"embeddable":true,"href":"https:\/\/luciaekaizeravocat.com\/fr\/wp-json\/wp\/v2\/users\/1"}],"replies":[{"embeddable":true,"href":"https:\/\/luciaekaizeravocat.com\/fr\/wp-json\/wp\/v2\/comments?post=279"}],"version-history":[{"count":1,"href":"https:\/\/luciaekaizeravocat.com\/fr\/wp-json\/wp\/v2\/pages\/279\/revisions"}],"predecessor-version":[{"id":280,"href":"https:\/\/luciaekaizeravocat.com\/fr\/wp-json\/wp\/v2\/pages\/279\/revisions\/280"}],"up":[{"embeddable":true,"href":"https:\/\/luciaekaizeravocat.com\/fr\/wp-json\/wp\/v2\/pages\/275"}],"wp:attachment":[{"href":"https:\/\/luciaekaizeravocat.com\/fr\/wp-json\/wp\/v2\/media?parent=279"}],"curies":[{"name":"wp","href":"https:\/\/api.w.org\/{rel}","templated":true}]}}